{"id":1115,"date":"2019-08-05T13:01:21","date_gmt":"2019-08-05T11:01:21","guid":{"rendered":"https:\/\/consorzioconciatori.it\/privacy-e-cookie-policy\/"},"modified":"2019-08-05T13:01:37","modified_gmt":"2019-08-05T11:01:37","slug":"privacy-e-cookie-policy","status":"publish","type":"page","link":"https:\/\/consorzioconciatori.it\/en\/privacy-e-cookie-policy\/","title":{"rendered":"Privacy e cookie policy"},"content":{"rendered":"<p>[et_pb_section fb_built=&#8221;1&#8243; admin_label=&#8221;Hero&#8221; _builder_version=&#8221;3.26.1&#8243; background_image=&#8221;https:\/\/consorzioconciatori.it\/wp-content\/uploads\/2019\/07\/IMG_1006-1.jpg&#8221; custom_padding=&#8221;50px|0|0||false|false&#8221;][et_pb_row use_custom_gutter=&#8221;on&#8221; gutter_width=&#8221;1&#8243; custom_padding=&#8221;|0px|0|0px|false|false&#8221; custom_margin=&#8221;|||&#8221; make_equal=&#8221;on&#8221; padding_top_bottom_link_2=&#8221;true&#8221; padding_left_right_link_2=&#8221;true&#8221; _builder_version=&#8221;3.26.1&#8243;][et_pb_column type=&#8221;4_4&#8243; _builder_version=&#8221;3.25&#8243; custom_padding=&#8221;|4%|80px|&#8221; custom_padding_tablet=&#8221;||40px|&#8221; custom_padding_last_edited=&#8221;on|tablet&#8221; custom_padding__hover=&#8221;|||&#8221;][et_pb_text _builder_version=&#8221;3.26.1&#8243; text_font=&#8221;Roboto|300|||||||&#8221; text_font_size=&#8221;23px&#8221; text_line_height=&#8221;2em&#8221; header_font=&#8221;Roboto|300||on|||||&#8221; header_font_size=&#8221;68px&#8221; header_line_height=&#8221;1.4em&#8221; background_layout=&#8221;dark&#8221; custom_margin=&#8221;|-69px|-4px|||&#8221; text_font_size_phone=&#8221;16px&#8221; text_font_size_last_edited=&#8221;on|phone&#8221; header_font_size_tablet=&#8221;44px&#8221; header_font_size_phone=&#8221;24px&#8221; header_font_size_last_edited=&#8221;on|desktop&#8221; header_line_height_tablet=&#8221;1.4em&#8221; header_line_height_phone=&#8221;1.4em&#8221; header_line_height_last_edited=&#8221;on|desktop&#8221;]<\/p>\n<h1>PRIVACY E COOKIE POLICY<\/h1>\n<p>[\/et_pb_text][\/et_pb_column][\/et_pb_row][\/et_pb_section][et_pb_section fb_built=&#8221;1&#8243; admin_label=&#8221;Services&#8221; _builder_version=&#8221;3.22&#8243; custom_margin=&#8221;||-3px|||&#8221; custom_padding=&#8221;0|0|4px|0px|false|false&#8221;][et_pb_row custom_padding=&#8221;|||&#8221; custom_margin=&#8221;60px||60px||true|false&#8221; admin_label=&#8221;Main Services&#8221; _builder_version=&#8221;3.26.1&#8243;][et_pb_column type=&#8221;4_4&#8243; _builder_version=&#8221;3.25&#8243; custom_padding=&#8221;|||&#8221; custom_padding_tablet=&#8221;||40px|&#8221; custom_padding_phone=&#8221;||40px|&#8221; custom_padding_last_edited=&#8221;off|desktop&#8221; custom_padding__hover=&#8221;|||&#8221;][et_pb_text _builder_version=&#8221;3.26.1&#8243; text_font=&#8221;Roboto|300|||||||&#8221; text_text_color=&#8221;#000000&#8243; text_font_size=&#8221;1.3em&#8221; text_line_height=&#8221;1.8em&#8221; header_text_color=&#8221;#000000&#8243; header_2_font=&#8221;Roboto|300|||||||&#8221; header_2_font_size=&#8221;60px&#8221; header_3_font=&#8221;|||on|||||&#8221; header_3_font_size=&#8221;25px&#8221; header_3_line_height=&#8221;1.5em&#8221; custom_margin=&#8221;||||false|false&#8221;]<\/p>\n<h3>Informativa ai sensi dell\u2019art. 13 del Regolamento europeo 679\/2016<\/h3>\n<p>In questa pagina si descrivono le modalit\u00e0 di gestione del sito in riferimento al trattamento dei dati personali degli utenti che lo consultano. Le presenti informazioni non riguardano altri siti, pagine o servizi online raggiungibili tramite link ipertestuali eventualmente pubblicati nei siti ma riferiti a risorse esterne al presente dominio.<br \/> Informativa resa ai sensi dell\u2019art. 13 del Regolamento UE 2016\/679 applicabile dal 25 Maggio 2018 \u2013 Regolamento Generale per la Protezione dei dati personali (di seguito indicato come RGPD) a coloro che interagiscono con i servizi web di Consorzio Conciatori di Ponte a Egola Societ\u00e0 Cooperativa, accessibili per via telematica dall\u2019indirizzo www.consorzioconciatori.it<\/p>\n<h4> IL &#8220;TITOLARE&#8221; DEL TRATTAMENTO<\/h4>\n<p>A seguito della consultazione di questo sito possono essere trattati dati relativi a persone identificate o identificabili.<br \/> Il titolare del trattamento dei dati raccolti \u00e8:<br \/> Consorzio Conciatori Societ\u00e0 Cooperativa Piazza Spalletti Stellato, 12 56028 \u2013 Ponte a Egola San Miniato (FI) pec: consorzioconciatori@pec.leonet.it<\/p>\n<h4>BASE GIURIDICA DEL TRATTAMENTO<\/h4>\n<p>I dati personali indicati in questa pagina sono trattati dal titolare del trattamento per l\u2019esecuzione di un contratto cui l\u2019interessato \u00e8 parte o all\u2019esecuzione di misure precontrattuali adottate su richiesta dello stesso o per il legittimo interesse del titolare del trattamento volto al miglioramento dei propri prodotti e servizi.<\/p>\n<h4> FINALIT\u00c0 DEL TRATTAMENTO DEI DATI<\/h4>\n<p>I dati sono trattati per questioni tecniche di navigazione come meglio specificato al punto \u201cTipi di dati Trattati\u201d I dati personali richiesti in eventuali form ci contatti o con altri sistemi similari sono regolamentati da apposite informative.<\/p>\n<h4> LUOGO DI TRATTAMENTO DEI DATI<\/h4>\n<p>I trattamenti connessi ai servizi web di questo sito hanno luogo presso la sede del Titolare e le sue sedi secondarie e sono curati solo da personale tecnico dell&#8217;Ufficio incaricato del trattamento.<\/p>\n<h4>TIPI DI DATI TRATTATI<\/h4>\n<p>Dati di navigazione I sistemi informatici e le procedure software preposte al funzionamento di questo sito web acquisiscono, nel corso del loro normale esercizio, alcuni dati personali la cui trasmissione \u00e8 implicita nell&#8217;uso dei protocolli di comunicazione di Internet.<br \/> Si tratta di informazioni che non sono raccolte per essere associate a interessati identificati, ma che per loro stessa natura potrebbero, attraverso elaborazioni ed associazioni con dati detenuti da terzi, permettere di identificare gli utenti.<br \/> In questa categoria di dati rientrano gli indirizzi IP o i nomi a dominio dei computer utilizzati dagli utenti che si connettono al sito, gli indirizzi in notazione URI (Uniform Resource Identifier) delle risorse richieste, l&#8217;orario della richiesta, il metodo utilizzato nel sottoporre la richiesta al server, la dimensione del file ottenuto in risposta, il codice numerico indicante lo stato della risposta data dal server (buon fine, errore, ecc.) ed altri parametri relativi al sistema operativo e all&#8217;ambiente informatico dell&#8217;utente.<br \/> Questi dati vengono utilizzati al solo fine di ricavare informazioni statistiche anonime sull&#8217;uso del sito e per controllarne il corretto funzionamento e vengono cancellati immediatamente dopo l&#8217;elaborazione. I dati potrebbero essere utilizzati per l&#8217;accertamento di responsabilit\u00e0 in caso di ipotetici reati informatici ai danni del sito: salva questa eventualit\u00e0, allo stato i dati sui contatti web non persistono per pi\u00f9 di sette giorni.<\/p>\n<h4>FACOLTATIVIT\u00c0 DEL CONFERIMENTO DEI DATI<\/h4>\n<p>A parte quanto specificato per i dati di navigazione, l&#8217;utente \u00e8 libero di fornire i dati personali riportati nei moduli di richiesta presenti sui siti o comunque indicati in contatti con le strutture per sollecitare l&#8217;invio della newsletter, di materiale informativo o di altre comunicazioni. Il loro mancato conferimento pu\u00f2 comportare l&#8217;impossibilit\u00e0 di ottenere quanto richiesto.<\/p>\n<h4>MODALIT\u00c0 DEL TRATTAMENTO<\/h4>\n<p>I dati personali sono trattati con strumenti automatizzati per il tempo strettamente necessario a conseguire gli scopi per cui sono stati raccolti. Specifiche misure di sicurezza sono osservate per prevenire la perdita dei dati, usi illeciti o non corretti ed accessi non autorizzati.<\/p>\n<h4>PERIODO DI CONSERVAZIONE DEI DATI<\/h4>\n<p>I dati personali sono trattati con strumenti automatizzati per il tempo strettamente necessario a conseguire gli scopi per cui sono stati raccolti.<\/p>\n<h4>DIRITTI DEGLI INTERESSATI<\/h4>\n<p>Diritti degli interessati ex art 15 UE 2016\/679.<br \/> I soggetti cui si riferiscono i dati personali hanno il diritto di ottenere dal titolare del trattamento, nei casi previsti, l\u2019accesso ai dati personali e la rettifica o la cancellazione degli stessi o la limitazione del trattamento che li riguarda o di opporsi al trattamento (artt. E ss. Del Regolamento). Per esercitare i propri diritti \u00e8 sufficiente rivolgersi a: consorzioconciatori@pec.leonet.it<\/p>\n<p>&nbsp;<\/p>\n<p>[\/et_pb_text][\/et_pb_column][\/et_pb_row][\/et_pb_section][et_pb_section fb_built=&#8221;1&#8243; admin_label=&#8221;Services&#8221; _builder_version=&#8221;3.22&#8243; custom_margin=&#8221;||-3px|||&#8221; custom_padding=&#8221;0|0|1px|0px|false|false&#8221;][et_pb_row use_custom_gutter=&#8221;on&#8221; custom_padding=&#8221;0px||0px||false|false&#8221; custom_margin=&#8221;-24px|auto||auto||&#8221; make_equal=&#8221;on&#8221; _builder_version=&#8221;3.26.1&#8243; background_color=&#8221;rgba(0,0,0,0)&#8221; width=&#8221;100%&#8221; max_width=&#8221;100%&#8221; min_height=&#8221;380px&#8221;][et_pb_column type=&#8221;4_4&#8243; _builder_version=&#8221;3.26.1&#8243; background_image=&#8221;https:\/\/consorzioconciatori.it\/wp-content\/uploads\/2019\/07\/IMG_1065.jpg&#8221;][\/et_pb_column][\/et_pb_row][et_pb_row custom_padding=&#8221;|||&#8221; custom_margin=&#8221;34px|auto||auto|false|false&#8221; admin_label=&#8221;Main Services&#8221; _builder_version=&#8221;3.26.1&#8243;][et_pb_column type=&#8221;4_4&#8243; _builder_version=&#8221;3.25&#8243; custom_padding=&#8221;|||&#8221; custom_padding_tablet=&#8221;||40px|&#8221; custom_padding_phone=&#8221;||40px|&#8221; custom_padding_last_edited=&#8221;off|desktop&#8221; custom_padding__hover=&#8221;|||&#8221;][et_pb_text _builder_version=&#8221;3.26.1&#8243; text_font=&#8221;|300|||||||&#8221; text_text_color=&#8221;#000000&#8243; text_font_size=&#8221;20px&#8221; text_line_height=&#8221;1.8em&#8221; header_text_color=&#8221;#000000&#8243; header_2_font=&#8221;Roboto|300|||||||&#8221; header_2_font_size=&#8221;60px&#8221;]<\/p>\n<p><strong>Today the Tanners Consortium has 60 associates, carrying out actions of:<\/strong><\/p>\n<p>[\/et_pb_text][et_pb_text _builder_version=&#8221;3.26.1&#8243; text_font=&#8221;|300|||||||&#8221; text_text_color=&#8221;#000000&#8243; text_font_size=&#8221;20px&#8221; text_line_height=&#8221;1.8em&#8221; header_text_color=&#8221;#000000&#8243; header_2_font=&#8221;Roboto|300|||||||&#8221; header_2_font_size=&#8221;60px&#8221;]<\/p>\n<p>&#8211; <strong>representation of the category<\/strong> to public administrations of all levels, economic bodies and organisations, workers&#8217; unions and national business organisations;<\/p>\n<p>[\/et_pb_text][et_pb_text _builder_version=&#8221;3.26.1&#8243; text_font=&#8221;|300|||||||&#8221; text_text_color=&#8221;#000000&#8243; text_font_size=&#8221;20px&#8221; text_line_height=&#8221;1.8em&#8221; header_text_color=&#8221;#000000&#8243; header_2_font=&#8221;Roboto|300|||||||&#8221; header_2_font_size=&#8221;60px&#8221;]<\/p>\n<p>&#8211; <strong>product promotion and assistance<\/strong> for participation in members&#8217; activities, such as trade shows, exhibitions, tenders and market research;<\/p>\n<p>[\/et_pb_text][et_pb_text _builder_version=&#8221;3.26.1&#8243; text_font=&#8221;|300|||||||&#8221; text_text_color=&#8221;#000000&#8243; text_font_size=&#8221;20px&#8221; text_line_height=&#8221;1.8em&#8221; header_text_color=&#8221;#000000&#8243; header_2_font=&#8221;Roboto|300|||||||&#8221; header_2_font_size=&#8221;60px&#8221;]<\/p>\n<p>&#8211; <strong>implementation of regulations<\/strong> both in the environmental and accident prevention fields, for safety in the workplace, for the signing of targeted conventions and services,<\/p>\n<p>[\/et_pb_text][et_pb_text _builder_version=&#8221;3.26.1&#8243; text_font=&#8221;|300|||||||&#8221; text_text_color=&#8221;#000000&#8243; text_font_size=&#8221;20px&#8221; text_line_height=&#8221;1.8em&#8221; header_text_color=&#8221;#000000&#8243; header_2_font=&#8221;Roboto|300|||||||&#8221; header_2_font_size=&#8221;60px&#8221;]<\/p>\n<p>&#8211; assistenza per l\u2019ottenimento di <strong>agevolazioni finanziarie, comunitarie, nazionali, regionali<\/strong>; per le <strong>certificazioni volontarie<\/strong> in base allo standard europeo UNI-EN ISO; l\u2019EMAS, la Responsabilit\u00e0 Sociale, linee guida ed atti di indirizzo;<\/p>\n<p>[\/et_pb_text][et_pb_text _builder_version=&#8221;3.26.1&#8243; text_font=&#8221;|300|||||||&#8221; text_text_color=&#8221;#000000&#8243; text_font_size=&#8221;20px&#8221; text_line_height=&#8221;1.8em&#8221; header_text_color=&#8221;#000000&#8243; header_2_font=&#8221;Roboto|300|||||||&#8221; header_2_font_size=&#8221;60px&#8221;]<\/p>\n<p>&#8211; corsi e programmi di <strong>formazione professionale<\/strong> a qualsiasi livello e per ogni esigenza.<\/p>\n<p>[\/et_pb_text][\/et_pb_column][\/et_pb_row][et_pb_row custom_padding=&#8221;|||&#8221; custom_margin=&#8221;|auto|60px|180px|false|false&#8221; admin_label=&#8221;Main Services&#8221; _builder_version=&#8221;3.26.1&#8243;][et_pb_column type=&#8221;4_4&#8243; _builder_version=&#8221;3.25&#8243; custom_padding=&#8221;|||&#8221; custom_padding_tablet=&#8221;||40px|&#8221; custom_padding_phone=&#8221;||40px|&#8221; custom_padding_last_edited=&#8221;off|desktop&#8221; custom_padding__hover=&#8221;|||&#8221;][et_pb_text _builder_version=&#8221;3.26.1&#8243; text_font=&#8221;|300|||||||&#8221; text_text_color=&#8221;#000000&#8243; text_font_size=&#8221;20px&#8221; text_line_height=&#8221;1.8em&#8221; header_text_color=&#8221;#000000&#8243; header_2_font=&#8221;Roboto|300|||||||&#8221; header_2_font_size=&#8221;60px&#8221;]<\/p>\n<p>Sicuramente non si sarebbe potuto parlare di sviluppo economico e sociale se non si fosse parimenti diffusa quella cultura del territorio e dell\u2019azienda, che \u00e8 ancora il presupposto essenziale per coltivare l\u2019attivit\u00e0 conciaria ed il suo radicamento nell\u2019area. <br \/>Si pu\u00f2 affermare perci\u00f2 che ogni tempo ha richiesto i suoi adeguamenti e che la modernizzazione del settore \u00e8 un processo che parte da lontano, una qualit\u00e0 perseguita, ora in maniera spontanea, ora imposta dal mercato o da altri fattori.<\/p>\n<p>[\/et_pb_text][\/et_pb_column][\/et_pb_row][\/et_pb_section][et_pb_section fb_built=&#8221;1&#8243; admin_label=&#8221;Footer&#8221; _builder_version=&#8221;3.26.1&#8243; background_color=&#8221;#3a3234&#8243; background_enable_image=&#8221;off&#8221; custom_padding=&#8221;56px||56px||true|false&#8221; global_module=&#8221;116&#8243; saved_tabs=&#8221;all&#8221;][et_pb_row column_structure=&#8221;1_3,1_3,1_3&#8243; _builder_version=&#8221;3.25&#8243;][et_pb_column type=&#8221;1_3&#8243; _builder_version=&#8221;3.25&#8243; custom_padding=&#8221;|||&#8221; custom_padding__hover=&#8221;|||&#8221;][et_pb_image src=&#8221;https:\/\/consorzioconciatori.it\/wp-content\/uploads\/2019\/07\/logo-consorzio-bottomTavola-disegno-1@2x.png&#8221; _builder_version=&#8221;3.26.1&#8243; width=&#8221;70%&#8221;][\/et_pb_image][et_pb_blurb title=&#8221;Where are we&#8221; use_icon=&#8221;on&#8221; font_icon=&#8221;%%122%%&#8221; icon_color=&#8221;#ffffff&#8221; icon_placement=&#8221;left&#8221; content_max_width=&#8221;1100px&#8221; _builder_version=&#8221;3.26.1&#8243; header_font=&#8221;Roboto|800||on|||||&#8221; header_font_size=&#8221;16px&#8221; header_letter_spacing=&#8221;0.5px&#8221; header_line_height=&#8221;1.7em&#8221; body_font=&#8221;Roboto|300|||||||&#8221; body_font_size=&#8221;16px&#8221; body_line_height=&#8221;1.8em&#8221; background_layout=&#8221;dark&#8221; locked=&#8221;off&#8221;]<\/p>\n<p>Piazza Stellato Spalletti, 12<br \/>\n56028 San Miniato, Pisa<\/p>\n<p>[\/et_pb_blurb][et_pb_social_media_follow _builder_version=&#8221;3.26.1&#8243; custom_margin=&#8221;|||0px|false|false&#8221; custom_padding=&#8221;||||false|false&#8221;][et_pb_social_media_follow_network social_network=&#8221;facebook&#8221; _builder_version=&#8221;3.26.1&#8243; background_color=&#8221;#3b5998&#8243; custom_margin=&#8221;|10px|||false|false&#8221; follow_button=&#8221;off&#8221; url_new_window=&#8221;on&#8221;]facebook[\/et_pb_social_media_follow_network][et_pb_social_media_follow_network social_network=&#8221;instagram&#8221; _builder_version=&#8221;3.26.1&#8243; background_color=&#8221;#ea2c59&#8243; custom_margin=&#8221;|10px|||false|false&#8221; follow_button=&#8221;off&#8221; url_new_window=&#8221;on&#8221;]instagram[\/et_pb_social_media_follow_network][et_pb_social_media_follow_network social_network=&#8221;linkedin&#8221; _builder_version=&#8221;3.26.1&#8243; background_color=&#8221;#007bb6&#8243; follow_button=&#8221;off&#8221; url_new_window=&#8221;on&#8221;]linkedin[\/et_pb_social_media_follow_network][\/et_pb_social_media_follow][\/et_pb_column][et_pb_column type=&#8221;1_3&#8243; _builder_version=&#8221;3.25&#8243; custom_padding=&#8221;|||&#8221; custom_padding__hover=&#8221;|||&#8221;][et_pb_text _builder_version=&#8221;3.26.1&#8243; text_font=&#8221;Roboto|700|||||||&#8221; text_text_color=&#8221;#ffffff&#8221; text_font_size=&#8221;24px&#8221; custom_padding=&#8221;22px||||false|false&#8221;]<\/p>\n<p>Contacts<\/p>\n<p>[\/et_pb_text][et_pb_blurb title=&#8221;Email&#8221; use_icon=&#8221;on&#8221; font_icon=&#8221;%%109%%&#8221; icon_color=&#8221;#ffffff&#8221; icon_placement=&#8221;left&#8221; content_max_width=&#8221;1100px&#8221; _builder_version=&#8221;3.26.1&#8243; header_font=&#8221;Roboto|700||on|||||&#8221; header_font_size=&#8221;16px&#8221; header_letter_spacing=&#8221;0.5px&#8221; header_line_height=&#8221;1.7em&#8221; body_font=&#8221;Roboto|300|||||||&#8221; body_font_size=&#8221;16px&#8221; body_line_height=&#8221;1.8em&#8221; background_layout=&#8221;dark&#8221; locked=&#8221;off&#8221;]<\/p>\n<p>info@consorzioconciatori.it<\/p>\n<p>[\/et_pb_blurb][et_pb_blurb title=&#8221;Tel.&#8221; use_icon=&#8221;on&#8221; font_icon=&#8221;%%143%%&#8221; icon_color=&#8221;#ffffff&#8221; icon_placement=&#8221;left&#8221; content_max_width=&#8221;1100px&#8221; _builder_version=&#8221;3.26.1&#8243; header_font=&#8221;Roboto|700||on|||||&#8221; header_font_size=&#8221;16px&#8221; header_letter_spacing=&#8221;0.5px&#8221; header_line_height=&#8221;1.7em&#8221; body_font=&#8221;Roboto|300|||||||&#8221; body_font_size=&#8221;16px&#8221; body_line_height=&#8221;1.8em&#8221; background_layout=&#8221;dark&#8221; custom_margin=&#8221;-20px||||false|false&#8221; custom_padding=&#8221;0px||||false|false&#8221; locked=&#8221;off&#8221;]<\/p>\n<p>+39.0571-499477<\/p>\n<p>[\/et_pb_blurb][et_pb_blurb title=&#8221;Fax&#8221; use_icon=&#8221;on&#8221; font_icon=&#8221;%%142%%&#8221; icon_color=&#8221;#ffffff&#8221; icon_placement=&#8221;left&#8221; content_max_width=&#8221;1100px&#8221; _builder_version=&#8221;3.26.1&#8243; header_font=&#8221;Roboto|700||on|||||&#8221; header_font_size=&#8221;16px&#8221; header_letter_spacing=&#8221;0.5px&#8221; header_line_height=&#8221;1.7em&#8221; body_font=&#8221;Roboto|300|||||||&#8221; body_font_size=&#8221;16px&#8221; body_line_height=&#8221;1.8em&#8221; background_layout=&#8221;dark&#8221; custom_margin=&#8221;-20px||||false|false&#8221; locked=&#8221;off&#8221;]<\/p>\n<p>+39.0571-499450<\/p>\n<p>[\/et_pb_blurb][\/et_pb_column][et_pb_column type=&#8221;1_3&#8243; _builder_version=&#8221;3.25&#8243; custom_padding=&#8221;|||&#8221; custom_padding__hover=&#8221;|||&#8221;][et_pb_text _builder_version=&#8221;3.26.1&#8243;]<\/p>\n<p>[\/et_pb_text][\/et_pb_column][\/et_pb_row][\/et_pb_section]<\/p>\n","protected":false},"excerpt":{"rendered":"<p>PRIVACY E COOKIE POLICY Informativa ai sensi dell\u2019art. 13 del Regolamento europeo 679\/2016 In questa pagina si descrivono le modalit\u00e0 di gestione del sito in riferimento al trattamento dei dati personali degli utenti che lo consultano. Le presenti informazioni non riguardano altri siti, pagine o servizi online raggiungibili tramite link ipertestuali eventualmente pubblicati nei siti [&hellip;]<\/p>\n","protected":false},"author":6,"featured_media":0,"parent":0,"menu_order":0,"comment_status":"closed","ping_status":"closed","template":"","meta":{"_et_pb_use_builder":"on","_et_pb_old_content":"<!-- wp:heading -->\r\n<h2>Chi siamo<\/h2>\r\n<!-- \/wp:heading --><!-- wp:paragraph -->\r\n<p>L'indirizzo del nostro sito web \u00e8: https:\/\/consorzioconciatori.it.<\/p>\r\n<!-- \/wp:paragraph --><!-- wp:heading -->\r\n<h2>Quali dati personali raccogliamo e perch\u00e9 li raccogliamo<\/h2>\r\n<!-- \/wp:heading --><!-- wp:heading {\"level\":3} -->\r\n<h3>Commenti<\/h3>\r\n<!-- \/wp:heading --><!-- wp:paragraph -->\r\n<p>Quando i visitatori lasciano commenti sul sito, raccogliamo i dati mostrati nel modulo dei commenti oltre all'indirizzo IP del visitatore e la stringa dello user agent del browser per facilitare il rilevamento dello spam.<\/p>\r\n<!-- \/wp:paragraph --><!-- wp:paragraph -->\r\n<p>Una stringa anonimizzata creata a partire dal tuo indirizzo email (altrimenti detta hash) pu\u00f2 essere fornita al servizio Gravatar per vedere se lo stai usando. La privacy policy del servizio Gravatar \u00e8 disponibile qui: https:\/\/automattic.com\/privacy\/. Dopo l'approvazione del tuo commento, la tua immagine del profilo \u00e8 visibile al pubblico nel contesto del tuo commento.<\/p>\r\n<!-- \/wp:paragraph --><!-- wp:heading {\"level\":3} -->\r\n<h3>Media<\/h3>\r\n<!-- \/wp:heading --><!-- wp:paragraph -->\r\n<p>Se carichi immagini sul sito web, dovresti evitare di caricare immagini che includono i dati di posizione incorporati (EXIF GPS). I visitatori del sito web possono scaricare ed estrarre qualsiasi dato sulla posizione dalle immagini sul sito web.<\/p>\r\n<!-- \/wp:paragraph --><!-- wp:heading {\"level\":3} -->\r\n<h3>Modulo di contatto<\/h3>\r\n<!-- \/wp:heading --><!-- wp:heading {\"level\":3} -->\r\n<h3>Cookie<\/h3>\r\n<!-- \/wp:heading --><!-- wp:paragraph -->\r\n<p>Se lasci un commento sul nostro sito, puoi scegliere di salvare il tuo nome, indirizzo email e sito web nei cookie. Sono usati per la tua comodit\u00e0 in modo che tu non debba inserire nuovamente i tuoi dati quando lasci un altro commento. Questi cookie dureranno per un anno.<\/p>\r\n<!-- \/wp:paragraph --><!-- wp:paragraph -->\r\n<p>Se visiti la pagina di login, verr\u00e0 impostato un cookie temporaneo per determinare se il tuo browser accetta i cookie. Questo cookie non contiene dati personali e viene eliminato quando chiudi il browser.<\/p>\r\n<!-- \/wp:paragraph --><!-- wp:paragraph -->\r\n<p>Quando effettui l'accesso, verranno impostati diversi cookie per salvare le tue informazioni di accesso e le tue opzioni di visualizzazione dello schermo. I cookie di accesso durano due giorni mentre i cookie per le opzioni dello schermo durano un anno. Se selezioni \"Ricordami\", il tuo accesso persister\u00e0 per due settimane. Se esci dal tuo account, i cookie di accesso verranno rimossi.<\/p>\r\n<!-- \/wp:paragraph --><!-- wp:paragraph -->\r\n<p>Se modifichi o pubblichi un articolo, un cookie aggiuntivo verr\u00e0 salvato nel tuo browser. Questo cookie non include dati personali, ma indica semplicemente l'ID dell'articolo appena modificato. Scade dopo 1 giorno.<\/p>\r\n<!-- \/wp:paragraph --><!-- wp:heading {\"level\":3} -->\r\n<h3>Contenuto incorporato da altri siti web<\/h3>\r\n<!-- \/wp:heading --><!-- wp:paragraph -->\r\n<p>Gli articoli su questo sito possono includere contenuti incorporati (ad esempio video, immagini, articoli, ecc.). I contenuti incorporati da altri siti web si comportano esattamente allo stesso modo come se il visitatore avesse visitato l'altro sito web.<\/p>\r\n<!-- \/wp:paragraph --><!-- wp:paragraph -->\r\n<p>Questi siti web possono raccogliere dati su di te, usare cookie, integrare ulteriori tracciamenti di terze parti e monitorare l'interazione con essi, incluso il tracciamento della tua interazione con il contenuto incorporato se hai un account e sei connesso a quei siti web.<\/p>\r\n<!-- \/wp:paragraph --><!-- wp:heading {\"level\":3} -->\r\n<h3>Analytics<\/h3>\r\n<!-- \/wp:heading --><!-- wp:heading -->\r\n<h2>Con chi condividiamo i tuoi dati<\/h2>\r\n<!-- \/wp:heading --><!-- wp:heading -->\r\n<h2>Per quanto tempo conserviamo i tuoi dati<\/h2>\r\n<!-- \/wp:heading --><!-- wp:paragraph -->\r\n<p>Se lasci un commento, il commento e i relativi metadati vengono conservati a tempo indeterminato. \u00c8 cos\u00ec che possiamo riconoscere e approvare automaticamente eventuali commenti successivi invece di tenerli in una coda di moderazione.<\/p>\r\n<!-- \/wp:paragraph --><!-- wp:paragraph -->\r\n<p>Per gli utenti che si registrano sul nostro sito web (se presenti), memorizziamo anche le informazioni personali che forniscono nel loro profilo utente. Tutti gli utenti possono vedere, modificare o cancellare le loro informazioni personali in qualsiasi momento (eccetto il loro nome utente che non possono cambiare). Gli amministratori del sito web possono anche vedere e modificare queste informazioni.<\/p>\r\n<!-- \/wp:paragraph --><!-- wp:heading -->\r\n<h2>Quali diritti hai sui tuoi dati<\/h2>\r\n<!-- \/wp:heading --><!-- wp:paragraph -->\r\n<p>Se hai un account su questo sito, o hai lasciato commenti, puoi richiedere di ricevere un file esportato dal sito con i dati personali che abbiamo su di te, compresi i dati che ci hai fornito. Puoi anche richiedere che cancelliamo tutti i dati personali che ti riguardano. Questo non include i dati che siamo obbligati a conservare per scopi amministrativi, legali o di sicurezza.<\/p>\r\n<!-- \/wp:paragraph --><!-- wp:heading -->\r\n<h2>Dove spediamo i tuoi dati<\/h2>\r\n<!-- \/wp:heading --><!-- wp:paragraph -->\r\n<p>I commenti dei visitatori possono essere controllati attraverso un servizio di rilevamento automatico dello spam.<\/p>\r\n<!-- \/wp:paragraph --><!-- wp:heading -->\r\n<h2>Le tue informazioni di contatto<\/h2>\r\n<!-- \/wp:heading --><!-- wp:heading -->\r\n<h2>Informazioni aggiuntive<\/h2>\r\n<!-- \/wp:heading --><!-- wp:heading {\"level\":3} -->\r\n<h3>Come proteggiamo i tuoi dati<\/h3>\r\n<!-- \/wp:heading --><!-- wp:heading {\"level\":3} -->\r\n<h3>Quali procedure abbiamo predisposto per prevenire la violazione dei dati<\/h3>\r\n<!-- \/wp:heading --><!-- wp:heading {\"level\":3} -->\r\n<h3>Da quali terze parti riceviamo dati<\/h3>\r\n<!-- \/wp:heading --><!-- wp:heading {\"level\":3} -->\r\n<h3>Quale processo decisionale automatizzato e\/o profilazione facciamo con i dati dell'utente<\/h3>\r\n<!-- \/wp:heading --><!-- wp:heading {\"level\":3} -->\r\n<h3>Requisiti di informativa normativa del settore<\/h3>\r\n<!-- \/wp:heading -->","_et_gb_content_width":"","footnotes":""},"_links":{"self":[{"href":"https:\/\/consorzioconciatori.it\/en\/wp-json\/wp\/v2\/pages\/1115"}],"collection":[{"href":"https:\/\/consorzioconciatori.it\/en\/wp-json\/wp\/v2\/pages"}],"about":[{"href":"https:\/\/consorzioconciatori.it\/en\/wp-json\/wp\/v2\/types\/page"}],"author":[{"embeddable":true,"href":"https:\/\/consorzioconciatori.it\/en\/wp-json\/wp\/v2\/users\/6"}],"replies":[{"embeddable":true,"href":"https:\/\/consorzioconciatori.it\/en\/wp-json\/wp\/v2\/comments?post=1115"}],"version-history":[{"count":4,"href":"https:\/\/consorzioconciatori.it\/en\/wp-json\/wp\/v2\/pages\/1115\/revisions"}],"predecessor-version":[{"id":1119,"href":"https:\/\/consorzioconciatori.it\/en\/wp-json\/wp\/v2\/pages\/1115\/revisions\/1119"}],"wp:attachment":[{"href":"https:\/\/consorzioconciatori.it\/en\/wp-json\/wp\/v2\/media?parent=1115"}],"curies":[{"name":"wp","href":"https:\/\/api.w.org\/{rel}","templated":true}]}}